{"id":6580,"date":"2023-05-22T21:16:37","date_gmt":"2023-05-22T19:16:37","guid":{"rendered":"https:\/\/mauertrockenlegung.at\/?page_id=6580"},"modified":"2025-03-03T15:24:45","modified_gmt":"2025-03-03T14:24:45","slug":"blog","status":"publish","type":"page","link":"https:\/\/www.hw-mauertrockenlegung.com\/ro\/blog\/","title":{"rendered":"Blog"},"content":{"rendered":"<div data-elementor-type=\"wp-page\" data-elementor-id=\"6580\" class=\"elementor elementor-6580\">\n\t\t\t\t\t\t\t        <section class=\"elementor-section elementor-top-section elementor-element elementor-element-909b90a elementor-section-boxed elementor-section-height-default elementor-section-height-default\" data-id=\"909b90a\" data-element_type=\"section\">\n        \n                <div class=\"elementor-container elementor-column-gap-default\">\n                <div class=\"elementor-column elementor-col-100 elementor-top-column elementor-element elementor-element-8e338f9\" data-id=\"8e338f9\" data-element_type=\"column\">\n        <div class=\"elementor-widget-wrap elementor-element-populated\">\n                        \t\t<div class=\"elementor-element elementor-element-480c6a0 elementor-widget elementor-widget-cms_post_grid\" data-id=\"480c6a0\" data-element_type=\"widget\" data-widget_type=\"cms_post_grid.default\">\n\t\t\t\t<div class=\"elementor-widget-container\">\n\t\t\t\n<div id=\"cms_post_grid-480c6a0\" class=\"cms-grid cms-post-grid cms-post-grid-layout1\" data-layout=\"masonry\" data-start-page=\"1\" data-max-pages=\"1\" data-total=\"3\" data-perpage=\"5\" data-next-link=\"\">\n    <div class=\"cms-grid-overlay\"><\/div>\n    \n    <div class=\"cms-grid-inner cms-grid-masonry row animation-time\" data-gutter=\"9\">\n                    <div class=\"grid-sizer col-xl-3 col-lg-3 col-md-4 col-sm-6 col-12\"><\/div>\n                                <div class=\"grid-item col-xl-3 col-lg-3 col-md-4 col-sm-6 col-12\">\n                    <div class=\"grid-item-inner\">\n                                                    <div class=\"entry-featured\">\n                                <div class=\"post-image\">\n                                    <a href=\"https:\/\/www.hw-mauertrockenlegung.com\/ro\/das-ideale-raumklima-fur-ihre-gesundheit\/\">\n                                        <img decoding=\"async\" width=\"1920\" height=\"1080\" src=\"https:\/\/www.hw-mauertrockenlegung.com\/wp-content\/uploads\/2023\/05\/pexels-puscas-adryan-12999676_ergebnis.webp\" class=\"attachment-full\" alt=\"\" \/>                                    <\/a>\n                                <\/div>\n                            <\/div>                   \n                                                <div class=\"entry-body\">\n                            <div class=\"entry-content widget-content\">\n                                <div class=\"info-post\">\n                                                                    <\/div>\n                                                                    <h3 class=\"entry-title\"><a href=\"https:\/\/www.hw-mauertrockenlegung.com\/ro\/das-ideale-raumklima-fur-ihre-gesundheit\/\">Climatul interior ideal pentru s\u0103n\u0103tatea dumneavoastr\u0103<\/a><\/h3>\n                                                                                                    <div class=\"entry--content\">\n                                        Locuirea \u00een camere cu un climat interior prea umed sau prea uscat \u00eei face pe oameni s\u0103 se simt\u0103 inconfortabil \u0219i, pe termen lung, d\u0103uneaz\u0103...                                    <\/div>\n                                                                                                    <div class=\"entry-readmore\">\n                                        <a class=\"btn-more\" href=\"https:\/\/www.hw-mauertrockenlegung.com\/ro\/das-ideale-raumklima-fur-ihre-gesundheit\/\">Cite\u0219te mai mult                                            <i class=\"fas fa-angle-right\"><\/i>\n                                        <\/a>\n                                    <\/div>\n                                                            <\/div>\n                        <\/div>\n                    <\/div>\n                <\/div>\n                            <div class=\"grid-item col-xl-3 col-lg-3 col-md-4 col-sm-6 col-12\">\n                    <div class=\"grid-item-inner\">\n                                                    <div class=\"entry-featured\">\n                                <div class=\"post-image\">\n                                    <a href=\"https:\/\/www.hw-mauertrockenlegung.com\/ro\/feuchteschutz\/\">\n                                        <img decoding=\"async\" width=\"1440\" height=\"1080\" src=\"https:\/\/www.hw-mauertrockenlegung.com\/wp-content\/uploads\/2024\/09\/feuchteschutz-hw-mauertrockenlegung3.webp\" class=\"attachment-full\" alt=\"\" \/>                                    <\/a>\n                                <\/div>\n                            <\/div>                   \n                                                <div class=\"entry-body\">\n                            <div class=\"entry-content widget-content\">\n                                <div class=\"info-post\">\n                                                                    <\/div>\n                                                                    <h3 class=\"entry-title\"><a href=\"https:\/\/www.hw-mauertrockenlegung.com\/ro\/feuchteschutz\/\">Protec\u021bie \u00eempotriva umezelii<\/a><\/h3>\n                                                                                                    <div class=\"entry--content\">\n                                        Ce leg\u0103tur\u0103 are protec\u021bia \u00eempotriva umidit\u0103\u021bii cu izolarea termic\u0103 Umiditatea are multe de-a face cu c\u0103ldura. O bun\u0103 protec\u021bie \u00eempotriva umidit\u0103\u021bii este baza...                                    <\/div>\n                                                                                                    <div class=\"entry-readmore\">\n                                        <a class=\"btn-more\" href=\"https:\/\/www.hw-mauertrockenlegung.com\/ro\/feuchteschutz\/\">Cite\u0219te mai mult                                            <i class=\"fas fa-angle-right\"><\/i>\n                                        <\/a>\n                                    <\/div>\n                                                            <\/div>\n                        <\/div>\n                    <\/div>\n                <\/div>\n                            <div class=\"grid-item col-xl-3 col-lg-3 col-md-4 col-sm-6 col-12\">\n                    <div class=\"grid-item-inner\">\n                                                    <div class=\"entry-featured\">\n                                <div class=\"post-image\">\n                                    <a href=\"https:\/\/www.hw-mauertrockenlegung.com\/ro\/feuchte-wand-sanieren\/\">\n                                        <img decoding=\"async\" width=\"1896\" height=\"1482\" src=\"https:\/\/www.hw-mauertrockenlegung.com\/wp-content\/uploads\/2025\/02\/feuchte-wand-sanieren_hw-mauertrockenlegung1.webp\" class=\"attachment-full\" alt=\"Perete de c\u0103r\u0103mid\u0103 umed\" \/>                                    <\/a>\n                                <\/div>\n                            <\/div>                   \n                                                <div class=\"entry-body\">\n                            <div class=\"entry-content widget-content\">\n                                <div class=\"info-post\">\n                                                                    <\/div>\n                                                                    <h3 class=\"entry-title\"><a href=\"https:\/\/www.hw-mauertrockenlegung.com\/ro\/feuchte-wand-sanieren\/\">Renovarea unui perete umed<\/a><\/h3>\n                                                                                                    <div class=\"entry--content\">\n                                        Pere\u021bi umezi Renovarea pere\u021bilor umezi cu ajutorul barierei orizontale fiabile HW Pere\u021bii umezi sunt o problem\u0103 care poate deteriora structura cl\u0103dirii \u0219i...                                    <\/div>\n                                                                                                    <div class=\"entry-readmore\">\n                                        <a class=\"btn-more\" href=\"https:\/\/www.hw-mauertrockenlegung.com\/ro\/feuchte-wand-sanieren\/\">Cite\u0219te mai mult                                            <i class=\"fas fa-angle-right\"><\/i>\n                                        <\/a>\n                                    <\/div>\n                                                            <\/div>\n                        <\/div>\n                    <\/div>\n                <\/div>\n                <\/div>\n        <\/div>\t\t<\/div>\n\t\t\t\t<\/div>\n\t\t        <\/div>\n        <\/div>\n                        <\/div>\n        <\/section>\n        \t\t\t\t\t<\/div>","protected":false},"excerpt":{"rendered":"<p>Das ideale Raumklima f\u00fcr Ihre Gesundheit Das ideale Raumklima f\u00fcr Ihre Gesundheit Wohnen in R\u00e4umen mit zu feuchtem oder zu trockenem Raumklima f\u00fchrt beim Menschen zu&hellip; Mehr lesen Gefahr der Schimmelw\u00e4nde Das ideale Raumklima f\u00fcr Ihre Gesundheit Wohnen in R\u00e4umen mit zu feuchtem oder zu trockenem Raumklima f\u00fchrt beim Menschen zu&hellip; Mehr lesen Feuchteschutz Das [&hellip;]<\/p>","protected":false},"author":1,"featured_media":0,"parent":0,"menu_order":0,"comment_status":"closed","ping_status":"closed","template":"","meta":{"footnotes":""},"class_list":["post-6580","page","type-page","status-publish","hentry"],"_links":{"self":[{"href":"https:\/\/www.hw-mauertrockenlegung.com\/ro\/wp-json\/wp\/v2\/pages\/6580","targetHints":{"allow":["GET"]}}],"collection":[{"href":"https:\/\/www.hw-mauertrockenlegung.com\/ro\/wp-json\/wp\/v2\/pages"}],"about":[{"href":"https:\/\/www.hw-mauertrockenlegung.com\/ro\/wp-json\/wp\/v2\/types\/page"}],"author":[{"embeddable":true,"href":"https:\/\/www.hw-mauertrockenlegung.com\/ro\/wp-json\/wp\/v2\/users\/1"}],"replies":[{"embeddable":true,"href":"https:\/\/www.hw-mauertrockenlegung.com\/ro\/wp-json\/wp\/v2\/comments?post=6580"}],"version-history":[{"count":10,"href":"https:\/\/www.hw-mauertrockenlegung.com\/ro\/wp-json\/wp\/v2\/pages\/6580\/revisions"}],"predecessor-version":[{"id":7904,"href":"https:\/\/www.hw-mauertrockenlegung.com\/ro\/wp-json\/wp\/v2\/pages\/6580\/revisions\/7904"}],"wp:attachment":[{"href":"https:\/\/www.hw-mauertrockenlegung.com\/ro\/wp-json\/wp\/v2\/media?parent=6580"}],"curies":[{"name":"wp","href":"https:\/\/api.w.org\/{rel}","templated":true}]}}