{"id":5246,"date":"2022-04-22T10:36:59","date_gmt":"2022-04-22T08:36:59","guid":{"rendered":"https:\/\/mauertrockenlegung.at\/?page_id=5246"},"modified":"2022-05-18T09:27:34","modified_gmt":"2022-05-18T07:27:34","slug":"declaratie-privind-protectia-datelor","status":"publish","type":"page","link":"https:\/\/www.hw-mauertrockenlegung.com\/ro\/declaratie-privind-protectia-datelor\/","title":{"rendered":"Politica de confiden\u021bialitate"},"content":{"rendered":"<div data-elementor-type=\"wp-page\" data-elementor-id=\"5246\" class=\"elementor elementor-5246\">\n\t\t\t\t\t\t\t        <section class=\"elementor-section elementor-top-section elementor-element elementor-element-711718c elementor-section-stretched elementor-section-boxed elementor-section-height-default elementor-section-height-default\" data-id=\"711718c\" data-element_type=\"section\" data-settings=\"{&quot;stretch_section&quot;:&quot;section-stretched&quot;}\">\n                    <div class=\"elementor-background-overlay\"><\/div>\n        \n                <div class=\"elementor-container elementor-column-gap-default\">\n                <div class=\"elementor-column elementor-col-100 elementor-top-column elementor-element elementor-element-a6cde83\" data-id=\"a6cde83\" data-element_type=\"column\">\n        <div class=\"elementor-widget-wrap elementor-element-populated\">\n                        \t\t<div class=\"elementor-element elementor-element-eeb8f01 elementor-widget elementor-widget-text-editor\" data-id=\"eeb8f01\" data-element_type=\"widget\" data-widget_type=\"text-editor.default\">\n\t\t\t\t<div class=\"elementor-widget-container\">\n\t\t\t<style>\/*! elementor - v3.6.5 - 27-04-2022 *\/\n.elementor-widget-text-editor.elementor-drop-cap-view-stacked .elementor-drop-cap{background-color:#818a91;color:#fff}.elementor-widget-text-editor.elementor-drop-cap-view-framed .elementor-drop-cap{color:#818a91;border:3px solid;background-color:transparent}.elementor-widget-text-editor:not(.elementor-drop-cap-view-default) .elementor-drop-cap{margin-top:8px}.elementor-widget-text-editor:not(.elementor-drop-cap-view-default) .elementor-drop-cap-letter{width:1em;height:1em}.elementor-widget-text-editor .elementor-drop-cap{float:left;text-align:center;line-height:1;font-size:50px}.elementor-widget-text-editor .elementor-drop-cap-letter{display:inline-block}<\/style>\t\t\t\t<p><strong>Domeniul de aplicare<\/strong><\/p><p>Aceast\u0103 politic\u0103 de confiden\u021bialitate este menit\u0103 s\u0103 informeze utilizatorii acestui site, \u00een conformitate cu Regulamentul general european privind protec\u021bia datelor (GDPR), cu privire la tipul, domeniul de aplicare \u0219i scopul colect\u0103rii \u0219i utiliz\u0103rii datelor cu caracter personal de c\u0103tre operatorul site-ului HAB\u00d6CK &amp; WEINZIERL GesmbH.<br \/>Operatorul site-ului ia foarte \u00een serios protec\u021bia datelor dumneavoastr\u0103 \u0219i trateaz\u0103 datele dumneavoastr\u0103 cu caracter personal \u00een mod confiden\u021bial \u0219i \u00een conformitate cu reglement\u0103rile legale.<br \/>V\u0103 rug\u0103m s\u0103 \u021bine\u021bi cont de faptul c\u0103 transmiterea datelor pe internet poate fi \u00eentotdeauna supus\u0103 unor vulnerabilit\u0103\u021bi de securitate. Protec\u021bia complet\u0103 \u00eempotriva accesului ter\u021bilor nu poate fi realizat\u0103.<\/p><p><strong>Date de acces<\/strong><\/p><p>Operatorul site-ului web sau furnizorul site-ului colecteaz\u0103 date despre accesul la site \u0219i le stocheaz\u0103 ca \"fi\u0219iere jurnal ale serverului\". Urm\u0103toarele date sunt \u00eenregistrate \u00een acest mod:<br \/>- Site vizitat<br \/>- Ora la momentul accesului<br \/>- Cantitatea de date trimise \u00een octe\u021bi<br \/>- Sursa\/referin\u021ba de la care a\u021bi accesat pagina<br \/>- Browser utilizat<br \/>- Sistemul de operare utilizat<br \/>- Adresa IP utilizat\u0103<br \/>Datele colectate sunt utilizate numai pentru analize statistice \u0219i pentru \u00eembun\u0103t\u0103\u021birea site-ului web. Cu toate acestea, operatorul site-ului \u00ee\u0219i rezerv\u0103 dreptul de a verifica retrospectiv fi\u0219ierele jurnal ale serverului dac\u0103 exist\u0103 indicii concrete de utilizare ilegal\u0103.<\/p><p><strong>Cookie-uri<\/strong><\/p><p>Acest site utilizeaz\u0103 module cookie. Acestea sunt fi\u0219iere text mici care sunt stocate pe dispozitivul dvs. final. Acestea nu cauzeaz\u0103 niciun prejudiciu. Browserul dvs. acceseaz\u0103 aceste fi\u0219iere. Utilizarea modulelor cookie spore\u0219te u\u0219urin\u021ba \u00een utilizare \u0219i securitatea acestui site web.<br \/>Browserele obi\u0219nuite ofer\u0103 op\u021biunea de setare de a nu permite cookie-uri. Not\u0103: Nu exist\u0103 nicio garan\u021bie c\u0103 ve\u021bi putea accesa toate func\u021biile acestui site f\u0103r\u0103 restric\u021bii dac\u0103 efectua\u021bi set\u0103rile corespunz\u0103toare.<\/p><p><strong>Gestionarea datelor cu caracter personal<\/strong><\/p><p>Operatorul site-ului web colecteaz\u0103, utilizeaz\u0103 \u0219i transmite datele dumneavoastr\u0103 cu caracter personal numai dac\u0103 acest lucru este permis de lege sau dac\u0103 sunte\u021bi de acord cu colectarea datelor.<br \/>Datele cu caracter personal sunt toate informa\u021biile care pot fi utilizate pentru a v\u0103 identifica personal \u0219i care pot fi urm\u0103rite p\u00e2n\u0103 la dumneavoastr\u0103 - de exemplu, numele, adresa de e-mail \u0219i num\u0103rul de telefon.<\/p><p><strong>Gestionarea datelor de contact<\/strong><\/p><p>Dac\u0103 contacta\u021bi operatorul site-ului web folosind op\u021biunile de contact furnizate, datele dvs. vor fi stocate pentru o perioad\u0103 de \u0219ase luni, astfel \u00eenc\u00e2t s\u0103 poat\u0103 fi utilizate pentru a procesa \u0219i r\u0103spunde la solicitarea dvs. \u0219i \u00een cazul unor \u00eentreb\u0103ri ulterioare. Aceste date nu vor fi transmise unor ter\u021be p\u0103r\u021bi f\u0103r\u0103 consim\u021b\u0103m\u00e2ntul dumneavoastr\u0103.<\/p><p><strong>Google Analytics<\/strong><\/p><p>Acest site utilizeaz\u0103 serviciul \"Google Analytics\" oferit de Google Inc. (1600 Amphitheatre Parkway Mountain View, CA 94043, SUA) pentru a analiza utilizarea site-ului de c\u0103tre utilizatori. Serviciul utilizeaz\u0103 \"cookie-uri\" - fi\u0219iere text care sunt stocate pe dispozitivul dumneavoastr\u0103 final. Informa\u021biile colectate de cookie-uri sunt, \u00een general, trimise c\u0103tre un server Google din SUA \u0219i stocate acolo.<\/p><p>Pe acest site se utilizeaz\u0103 anonimizarea IP. Adresa IP a utilizatorilor este trunchiat\u0103 \u00een statele membre ale UE \u0219i ale Spa\u021biului Economic European. Aceast\u0103 trunchiere elimin\u0103 referin\u021ba personal\u0103 a adresei dvs. IP. Ca parte a acordului de date contractuale pe care operatorii site-ului web l-au \u00eencheiat cu Google Inc., Google Inc. utilizeaz\u0103 informa\u021biile colectate pentru a analiza utilizarea site-ului web \u0219i activitatea site-ului web \u0219i furnizeaz\u0103 servicii legate de utilizarea internetului.<br \/>Ave\u021bi op\u021biunea de a \u00eempiedica stocarea de module cookie pe dispozitivul dumneavoastr\u0103 prin efectuarea set\u0103rilor corespunz\u0103toare \u00een browserul dumneavoastr\u0103. Nu exist\u0103 nicio garan\u021bie c\u0103 ve\u021bi putea accesa toate func\u021biile acestui site f\u0103r\u0103 restric\u021bii dac\u0103 browserul dvs. nu permite cookie-uri.<\/p><p>De asemenea, pute\u021bi utiliza un plugin de browser pentru a \u00eempiedica trimiterea c\u0103tre Google Inc. \u0219i utilizarea de c\u0103tre Google Inc. a informa\u021biilor colectate prin cookie-uri (inclusiv adresa dvs. IP). Urm\u0103torul link v\u0103 va duce la pluginul corespunz\u0103tor:\u00a0<a href=\"https:\/\/tools.google.com\/dlpage\/gaoptout?hl=de\" target=\"_blank\" rel=\"noopener\">https:\/\/tools.google.com\/dlpage\/gaoptout?hl=de<\/a><\/p><p><strong>Drepturile utilizatorului: informare, corectare \u0219i \u0219tergere<\/strong><\/p><p>\u00cen calitate de utilizator, pute\u021bi solicita gratuit informa\u021bii cu privire la datele cu caracter personal care au fost stocate despre dumneavoastr\u0103. Dac\u0103 solicitarea dvs. nu intr\u0103 \u00een conflict cu o obliga\u021bie legal\u0103 de a p\u0103stra datele (de exemplu, p\u0103strarea datelor), ave\u021bi dreptul la corectarea datelor incorecte \u0219i la blocarea sau \u0219tergerea datelor dvs. personale.<\/p><p><strong>YouTube<\/strong><\/p><p>Site-ul nostru utilizeaz\u0103 furnizorul YouTube LLC, 901 Cherry Avenue, San Bruno, CA 94066, SUA, reprezentat de Google Inc, 1600 Amphitheatre Parkway, Mountain View, CA 94043, SUA, pentru a \u00eencorpora videoclipuri. \u00cen mod normal, atunci c\u00e2nd accesa\u021bi o pagin\u0103 cu videoclipuri \u00eencorporate, adresa dvs. de IP este trimis\u0103 c\u0103tre YouTube \u0219i sunt instalate module cookie pe computerul dvs. Cu toate acestea, am \u00eencorporat videoclipurile noastre de pe YouTube cu modul extins de protec\u021bie a datelor (\u00een acest caz, YouTube contacteaz\u0103 \u00een continuare serviciul Double Click al Google, dar, \u00een conformitate cu politica de confiden\u021bialitate a Google, datele personale nu sunt analizate). Acest lucru \u00eenseamn\u0103 c\u0103 YouTube nu mai stocheaz\u0103 nicio informa\u021bie despre vizitatori dec\u00e2t dac\u0103 ace\u0219tia urm\u0103resc videoclipul. Dac\u0103 face\u021bi clic pe videoclip, adresa dvs. IP este transmis\u0103 c\u0103tre YouTube \u0219i YouTube afl\u0103 c\u0103 a\u021bi vizionat videoclipul. Dac\u0103 sunte\u021bi conectat la YouTube, aceste informa\u021bii vor fi, de asemenea, atribuite contului dvs. de utilizator (pute\u021bi preveni acest lucru prin deconectarea de la YouTube \u00eenainte de vizionarea videoclipului).<\/p><p>Nu avem nicio cuno\u0219tin\u021b\u0103 \u0219i nicio influen\u021b\u0103 asupra posibilei colect\u0103ri \u0219i utiliz\u0103ri a datelor dvs. de c\u0103tre YouTube. Pute\u021bi g\u0103si mai multe informa\u021bii \u00een politica de confiden\u021bialitate a YouTube la adresa\u00a0<a href=\"https:\/\/www.google.de\/intl\/de\/policies\/privacy\/\" target=\"_blank\" rel=\"noopener noreferrer\">www.google.de\/intl\/de\/policies\/privacy\/<\/a> pot fi g\u0103site aici. \u00cen plus, v\u0103 trimitem la descrierea noastr\u0103 general\u0103 din aceast\u0103 politic\u0103 de confiden\u021bialitate pentru gestionarea general\u0103 a modulelor cookie \u0219i dezactivarea modulelor cookie.<\/p>\t\t\t\t\t\t<\/div>\n\t\t\t\t<\/div>\n\t\t        <\/div>\n        <\/div>\n                        <\/div>\n        <\/section>\n        \t\t\t\t\t<\/div>","protected":false},"excerpt":{"rendered":"<p>Geltungsbereich Diese Datenschutzerkl\u00e4rung soll die Nutzer dieser Website gem\u00e4\u00df europ\u00e4ischer Datenschutzgrundverordnung (DSGVO) \u00fcber die Art, den Umfang und den Zweck der Erhebung und Verwendung personenbezogener Daten durch den Websitebetreiber HAB\u00d6CK &amp; WEINZIERL GesmbH informieren. Der Websitebetreiber nimmt Ihren Datenschutz sehr ernst und behandelt Ihre personenbezogenen Daten vertraulich und entsprechend der gesetzlichen Vorschriften. Bedenken Sie, dass [&hellip;]<\/p>","protected":false},"author":1,"featured_media":0,"parent":0,"menu_order":0,"comment_status":"closed","ping_status":"closed","template":"","meta":{"footnotes":""},"class_list":["post-5246","page","type-page","status-publish","hentry"],"_links":{"self":[{"href":"https:\/\/www.hw-mauertrockenlegung.com\/ro\/wp-json\/wp\/v2\/pages\/5246","targetHints":{"allow":["GET"]}}],"collection":[{"href":"https:\/\/www.hw-mauertrockenlegung.com\/ro\/wp-json\/wp\/v2\/pages"}],"about":[{"href":"https:\/\/www.hw-mauertrockenlegung.com\/ro\/wp-json\/wp\/v2\/types\/page"}],"author":[{"embeddable":true,"href":"https:\/\/www.hw-mauertrockenlegung.com\/ro\/wp-json\/wp\/v2\/users\/1"}],"replies":[{"embeddable":true,"href":"https:\/\/www.hw-mauertrockenlegung.com\/ro\/wp-json\/wp\/v2\/comments?post=5246"}],"version-history":[{"count":0,"href":"https:\/\/www.hw-mauertrockenlegung.com\/ro\/wp-json\/wp\/v2\/pages\/5246\/revisions"}],"wp:attachment":[{"href":"https:\/\/www.hw-mauertrockenlegung.com\/ro\/wp-json\/wp\/v2\/media?parent=5246"}],"curies":[{"name":"wp","href":"https:\/\/api.w.org\/{rel}","templated":true}]}}