{"id":6580,"date":"2023-05-22T21:16:37","date_gmt":"2023-05-22T19:16:37","guid":{"rendered":"https:\/\/mauertrockenlegung.at\/?page_id=6580"},"modified":"2025-03-03T15:24:45","modified_gmt":"2025-03-03T14:24:45","slug":"blog","status":"publish","type":"page","link":"https:\/\/www.hw-mauertrockenlegung.com\/pl\/blog\/","title":{"rendered":"Blog"},"content":{"rendered":"<div data-elementor-type=\"wp-page\" data-elementor-id=\"6580\" class=\"elementor elementor-6580\">\n\t\t\t\t\t\t\t        <section class=\"elementor-section elementor-top-section elementor-element elementor-element-909b90a elementor-section-boxed elementor-section-height-default elementor-section-height-default\" data-id=\"909b90a\" data-element_type=\"section\">\n        \n                <div class=\"elementor-container elementor-column-gap-default\">\n                <div class=\"elementor-column elementor-col-100 elementor-top-column elementor-element elementor-element-8e338f9\" data-id=\"8e338f9\" data-element_type=\"column\">\n        <div class=\"elementor-widget-wrap elementor-element-populated\">\n                        \t\t<div class=\"elementor-element elementor-element-480c6a0 elementor-widget elementor-widget-cms_post_grid\" data-id=\"480c6a0\" data-element_type=\"widget\" data-widget_type=\"cms_post_grid.default\">\n\t\t\t\t<div class=\"elementor-widget-container\">\n\t\t\t\n<div id=\"cms_post_grid-480c6a0\" class=\"cms-grid cms-post-grid cms-post-grid-layout1\" data-layout=\"masonry\" data-start-page=\"1\" data-max-pages=\"1\" data-total=\"3\" data-perpage=\"5\" data-next-link=\"\">\n    <div class=\"cms-grid-overlay\"><\/div>\n    \n    <div class=\"cms-grid-inner cms-grid-masonry row animation-time\" data-gutter=\"9\">\n                    <div class=\"grid-sizer col-xl-3 col-lg-3 col-md-4 col-sm-6 col-12\"><\/div>\n                                <div class=\"grid-item col-xl-3 col-lg-3 col-md-4 col-sm-6 col-12\">\n                    <div class=\"grid-item-inner\">\n                                                    <div class=\"entry-featured\">\n                                <div class=\"post-image\">\n                                    <a href=\"https:\/\/www.hw-mauertrockenlegung.com\/pl\/idealny-klimat-wewnetrzny-dla-zdrowia\/\">\n                                        <img decoding=\"async\" width=\"1920\" height=\"1080\" src=\"https:\/\/www.hw-mauertrockenlegung.com\/wp-content\/uploads\/2023\/05\/pexels-puscas-adryan-12999676_ergebnis.webp\" class=\"attachment-full\" alt=\"\" \/>                                    <\/a>\n                                <\/div>\n                            <\/div>                   \n                                                <div class=\"entry-body\">\n                            <div class=\"entry-content widget-content\">\n                                <div class=\"info-post\">\n                                                                    <\/div>\n                                                                    <h3 class=\"entry-title\"><a href=\"https:\/\/www.hw-mauertrockenlegung.com\/pl\/idealny-klimat-wewnetrzny-dla-zdrowia\/\">Idealny klimat wewn\u0119trzny dla zdrowia<\/a><\/h3>\n                                                                                                    <div class=\"entry--content\">\n                                        Mieszkanie w pomieszczeniach o zbyt wilgotnym lub zbyt suchym klimacie sprawia, \u017ce ludzie czuj\u0105 si\u0119 niekomfortowo i w d\u0142u\u017cszej perspektywie...                                    <\/div>\n                                                                                                    <div class=\"entry-readmore\">\n                                        <a class=\"btn-more\" href=\"https:\/\/www.hw-mauertrockenlegung.com\/pl\/idealny-klimat-wewnetrzny-dla-zdrowia\/\">Czytaj wi\u0119cej                                            <i class=\"fas fa-angle-right\"><\/i>\n                                        <\/a>\n                                    <\/div>\n                                                            <\/div>\n                        <\/div>\n                    <\/div>\n                <\/div>\n                            <div class=\"grid-item col-xl-3 col-lg-3 col-md-4 col-sm-6 col-12\">\n                    <div class=\"grid-item-inner\">\n                                                    <div class=\"entry-featured\">\n                                <div class=\"post-image\">\n                                    <a href=\"https:\/\/www.hw-mauertrockenlegung.com\/pl\/ochrona-przed-wilgocia\/\">\n                                        <img decoding=\"async\" width=\"1440\" height=\"1080\" src=\"https:\/\/www.hw-mauertrockenlegung.com\/wp-content\/uploads\/2024\/09\/feuchteschutz-hw-mauertrockenlegung3.webp\" class=\"attachment-full\" alt=\"\" \/>                                    <\/a>\n                                <\/div>\n                            <\/div>                   \n                                                <div class=\"entry-body\">\n                            <div class=\"entry-content widget-content\">\n                                <div class=\"info-post\">\n                                                                    <\/div>\n                                                                    <h3 class=\"entry-title\"><a href=\"https:\/\/www.hw-mauertrockenlegung.com\/pl\/ochrona-przed-wilgocia\/\">Ochrona przed wilgoci\u0105<\/a><\/h3>\n                                                                                                    <div class=\"entry--content\">\n                                        Co ochrona przed wilgoci\u0105 ma wsp\u00f3lnego z izolacj\u0105 termiczn\u0105 Wilgo\u0107 ma wiele wsp\u00f3lnego z ciep\u0142em. Dobra ochrona przed wilgoci\u0105 jest podstaw\u0105...                                    <\/div>\n                                                                                                    <div class=\"entry-readmore\">\n                                        <a class=\"btn-more\" href=\"https:\/\/www.hw-mauertrockenlegung.com\/pl\/ochrona-przed-wilgocia\/\">Czytaj wi\u0119cej                                            <i class=\"fas fa-angle-right\"><\/i>\n                                        <\/a>\n                                    <\/div>\n                                                            <\/div>\n                        <\/div>\n                    <\/div>\n                <\/div>\n                            <div class=\"grid-item col-xl-3 col-lg-3 col-md-4 col-sm-6 col-12\">\n                    <div class=\"grid-item-inner\">\n                                                    <div class=\"entry-featured\">\n                                <div class=\"post-image\">\n                                    <a href=\"https:\/\/www.hw-mauertrockenlegung.com\/pl\/renowacja-wilgotnych-scian\/\">\n                                        <img decoding=\"async\" width=\"1896\" height=\"1482\" src=\"https:\/\/www.hw-mauertrockenlegung.com\/wp-content\/uploads\/2025\/02\/feuchte-wand-sanieren_hw-mauertrockenlegung1.webp\" class=\"attachment-full\" alt=\"Wilgotna \u015bciana z ceg\u0142y\" \/>                                    <\/a>\n                                <\/div>\n                            <\/div>                   \n                                                <div class=\"entry-body\">\n                            <div class=\"entry-content widget-content\">\n                                <div class=\"info-post\">\n                                                                    <\/div>\n                                                                    <h3 class=\"entry-title\"><a href=\"https:\/\/www.hw-mauertrockenlegung.com\/pl\/renowacja-wilgotnych-scian\/\">Renowacja zawilgoconej \u015bciany<\/a><\/h3>\n                                                                                                    <div class=\"entry--content\">\n                                        Zawilgocone \u015bciany Renowacja zawilgoconych \u015bcian z pomoc\u0105 niezawodnej bariery poziomej HW Zawilgocone \u015bciany to problem, kt\u00f3ry mo\u017ce uszkodzi\u0107 konstrukcj\u0119 budynku i...                                    <\/div>\n                                                                                                    <div class=\"entry-readmore\">\n                                        <a class=\"btn-more\" href=\"https:\/\/www.hw-mauertrockenlegung.com\/pl\/renowacja-wilgotnych-scian\/\">Czytaj wi\u0119cej                                            <i class=\"fas fa-angle-right\"><\/i>\n                                        <\/a>\n                                    <\/div>\n                                                            <\/div>\n                        <\/div>\n                    <\/div>\n                <\/div>\n                <\/div>\n        <\/div>\t\t<\/div>\n\t\t\t\t<\/div>\n\t\t        <\/div>\n        <\/div>\n                        <\/div>\n        <\/section>\n        \t\t\t\t\t<\/div>","protected":false},"excerpt":{"rendered":"<p>Das ideale Raumklima f\u00fcr Ihre Gesundheit Das ideale Raumklima f\u00fcr Ihre Gesundheit Wohnen in R\u00e4umen mit zu feuchtem oder zu trockenem Raumklima f\u00fchrt beim Menschen zu&hellip; Mehr lesen Gefahr der Schimmelw\u00e4nde Das ideale Raumklima f\u00fcr Ihre Gesundheit Wohnen in R\u00e4umen mit zu feuchtem oder zu trockenem Raumklima f\u00fchrt beim Menschen zu&hellip; Mehr lesen Feuchteschutz Das [&hellip;]<\/p>","protected":false},"author":1,"featured_media":0,"parent":0,"menu_order":0,"comment_status":"closed","ping_status":"closed","template":"","meta":{"footnotes":""},"class_list":["post-6580","page","type-page","status-publish","hentry"],"_links":{"self":[{"href":"https:\/\/www.hw-mauertrockenlegung.com\/pl\/wp-json\/wp\/v2\/pages\/6580","targetHints":{"allow":["GET"]}}],"collection":[{"href":"https:\/\/www.hw-mauertrockenlegung.com\/pl\/wp-json\/wp\/v2\/pages"}],"about":[{"href":"https:\/\/www.hw-mauertrockenlegung.com\/pl\/wp-json\/wp\/v2\/types\/page"}],"author":[{"embeddable":true,"href":"https:\/\/www.hw-mauertrockenlegung.com\/pl\/wp-json\/wp\/v2\/users\/1"}],"replies":[{"embeddable":true,"href":"https:\/\/www.hw-mauertrockenlegung.com\/pl\/wp-json\/wp\/v2\/comments?post=6580"}],"version-history":[{"count":10,"href":"https:\/\/www.hw-mauertrockenlegung.com\/pl\/wp-json\/wp\/v2\/pages\/6580\/revisions"}],"predecessor-version":[{"id":7904,"href":"https:\/\/www.hw-mauertrockenlegung.com\/pl\/wp-json\/wp\/v2\/pages\/6580\/revisions\/7904"}],"wp:attachment":[{"href":"https:\/\/www.hw-mauertrockenlegung.com\/pl\/wp-json\/wp\/v2\/media?parent=6580"}],"curies":[{"name":"wp","href":"https:\/\/api.w.org\/{rel}","templated":true}]}}