{"id":5246,"date":"2022-04-22T10:36:59","date_gmt":"2022-04-22T08:36:59","guid":{"rendered":"https:\/\/mauertrockenlegung.at\/?page_id=5246"},"modified":"2022-05-18T09:27:34","modified_gmt":"2022-05-18T07:27:34","slug":"datenschutzerklaerung","status":"publish","type":"page","link":"https:\/\/www.hw-mauertrockenlegung.com\/pl\/datenschutzerklaerung\/","title":{"rendered":"Polityka prywatno\u015bci"},"content":{"rendered":"<div data-elementor-type=\"wp-page\" data-elementor-id=\"5246\" class=\"elementor elementor-5246\">\n\t\t\t\t\t\t\t        <section class=\"elementor-section elementor-top-section elementor-element elementor-element-711718c elementor-section-stretched elementor-section-boxed elementor-section-height-default elementor-section-height-default\" data-id=\"711718c\" data-element_type=\"section\" data-settings=\"{&quot;stretch_section&quot;:&quot;section-stretched&quot;}\">\n                    <div class=\"elementor-background-overlay\"><\/div>\n        \n                <div class=\"elementor-container elementor-column-gap-default\">\n                <div class=\"elementor-column elementor-col-100 elementor-top-column elementor-element elementor-element-a6cde83\" data-id=\"a6cde83\" data-element_type=\"column\">\n        <div class=\"elementor-widget-wrap elementor-element-populated\">\n                        \t\t<div class=\"elementor-element elementor-element-eeb8f01 elementor-widget elementor-widget-text-editor\" data-id=\"eeb8f01\" data-element_type=\"widget\" data-widget_type=\"text-editor.default\">\n\t\t\t\t<div class=\"elementor-widget-container\">\n\t\t\t<style>\/*! elementor - v3.6.5 - 27-04-2022 *\/\n.elementor-widget-text-editor.elementor-drop-cap-view-stacked .elementor-drop-cap{background-color:#818a91;color:#fff}.elementor-widget-text-editor.elementor-drop-cap-view-framed .elementor-drop-cap{color:#818a91;border:3px solid;background-color:transparent}.elementor-widget-text-editor:not(.elementor-drop-cap-view-default) .elementor-drop-cap{margin-top:8px}.elementor-widget-text-editor:not(.elementor-drop-cap-view-default) .elementor-drop-cap-letter{width:1em;height:1em}.elementor-widget-text-editor .elementor-drop-cap{float:left;text-align:center;line-height:1;font-size:50px}.elementor-widget-text-editor .elementor-drop-cap-letter{display:inline-block}<\/style>\t\t\t\t<p><strong>Geltungsbereich<\/strong><\/p><p>Diese Datenschutzerkl\u00e4rung soll die Nutzer dieser Website gem\u00e4\u00df europ\u00e4ischer Datenschutzgrundverordnung (DSGVO) \u00fcber die Art, den Umfang und den Zweck der Erhebung und Verwendung personenbezogener Daten durch den Websitebetreiber HAB\u00d6CK &amp; WEINZIERL GesmbH informieren.<br \/>Der Websitebetreiber nimmt Ihren Datenschutz sehr ernst und behandelt Ihre personenbezogenen Daten vertraulich und entsprechend der gesetzlichen Vorschriften.<br \/>Bedenken Sie, dass die Daten\u00fcbertragung im Internet grunds\u00e4tzlich mit Sicherheitsl\u00fccken bedacht sein kann. Ein vollumf\u00e4nglicher Schutz vor dem Zugriff durch Fremde ist nicht realisierbar.<\/p><p><strong>Zugriffsdaten<\/strong><\/p><p>Der Websitebetreiber bzw. Seitenprovider erhebt Daten \u00fcber Zugriffe auf die Seite und speichert diese als \u201eServer-Logfiles\u201c ab. Folgende Daten werden so protokolliert:<br \/>\u2022 Besuchte Website<br \/>\u2022 Uhrzeit zum Zeitpunkt des Zugriffes<br \/>\u2022 Menge der gesendeten Daten in Byte<br \/>\u2022 Quelle\/Verweis, von welchem Sie auf die Seite gelangten<br \/>\u2022 Verwendeter Browser<br \/>\u2022 Verwendetes Betriebssystem<br \/>\u2022 Verwendete IP-Adresse<br \/>Die erhobenen Daten dienen lediglich statistischen Auswertungen und zur Verbesserung der Website. Der Websitebetreiber beh\u00e4lt sich allerdings vor, die Server-Logfiles nachtr\u00e4glich zu \u00fcberpr\u00fcfen, sollten konkrete Anhaltspunkte auf eine rechtswidrige Nutzung hinweisen.<\/p><p><strong>Cookies<\/strong><\/p><p>Diese Website verwendet Cookies. Dabei handelt es sich um kleine Textdateien, welche auf Ihrem Endger\u00e4t gespeichert werden. Diese richten keinerlei Schaden an. Ihr Browser greift auf diese Dateien zu. Durch den Einsatz von Cookies erh\u00f6ht sich die Benutzerfreundlichkeit und Sicherheit dieser Website.<br \/>G\u00e4ngige Browser bieten die Einstellungsoption, Cookies nicht zuzulassen. Hinweis: Es ist nicht gew\u00e4hrleistet, dass Sie auf alle Funktionen dieser Website ohne Einschr\u00e4nkungen zugreifen k\u00f6nnen, wenn Sie entsprechende Einstellungen vornehmen.<\/p><p><strong>Umgang mit personenbezogenen Daten<\/strong><\/p><p>Der Websitebetreiber erhebt, nutzt und gibt Ihre personenbezogenen Daten nur dann weiter, wenn dies im gesetzlichen Rahmen erlaubt ist oder Sie in die Datenerhebung einwilligen.<br \/>Als personenbezogene Daten gelten s\u00e4mtliche Informationen, welche dazu dienen, Ihre Person zu bestimmen und welche zu Ihnen zur\u00fcckverfolgt werden k\u00f6nnen \u2013 also beispielsweise Ihr Name, Ihre E-Mail-Adresse und Telefonnummer.<\/p><p><strong>Umgang mit Kontaktdaten<\/strong><\/p><p>Nehmen Sie mit dem Websitebetreiber durch die angebotenen Kontaktm\u00f6glichkeiten Verbindung auf, werden Ihre Angaben f\u00fcr einen Zeitraum von sechs Monaten gespeichert, damit auf diese zur Bearbeitung und Beantwortung Ihrer Anfrage und f\u00fcr den Fall von Anschlussfragen zur\u00fcckgegriffen werden kann. Ohne Ihre Einwilligung werden diese Daten nicht an Dritte weitergegeben.<\/p><p><strong>Google Analytics<\/strong><\/p><p>Diese Website nutzt den Dienst \u201eGoogle Analytics\u201c, welcher von der Google Inc. (1600 Amphitheatre Parkway Mountain View, CA 94043, USA) angeboten wird, zur Analyse der Websitebenutzung durch Nutzer. Der Dienst verwendet \u201eCookies\u201c \u2013 Textdateien, welche auf Ihrem Endger\u00e4t gespeichert werden. Die durch die Cookies gesammelten Informationen werden im Regelfall an einen Google-Server in den USA gesandt und dort gespeichert.<\/p><p>Auf dieser Website greift die IP-Anonymisierung. Die IP-Adresse der Nutzer wird innerhalb der Mitgliedsstaaten der EU und des Europ\u00e4ischen Wirtschaftsraumes gek\u00fcrzt. Durch diese K\u00fcrzung entf\u00e4llt der Personenbezug Ihrer IP-Adresse. Im Rahmen der Vereinbarung zur Auftragsdatenvereinbarung, welche die Websitebetreiber mit der Google Inc. geschlossen haben, erstellt diese mithilfe der gesammelten Informationen eine Auswertung der Websitenutzung und der Websiteaktivit\u00e4t und erbringt mit der Internetnutzung verbundene Dienstleistungen.<br \/>Sie haben die M\u00f6glichkeit, die Speicherung der Cookies auf Ihrem Ger\u00e4t zu verhindern, indem Sie in Ihrem Browser entsprechende Einstellungen vornehmen. Es ist nicht gew\u00e4hrleistet, dass Sie auf alle Funktionen dieser Website ohne Einschr\u00e4nkungen zugreifen k\u00f6nnen, wenn Ihr Browser keine Cookies zul\u00e4sst.<\/p><p>Weiterhin k\u00f6nnen Sie durch ein Browser-Plugin verhindern, dass die durch Cookies gesammelten Informationen (inklusive Ihrer IP-Adresse) an die Google Inc. gesendet und von der Google Inc. genutzt werden. Folgender Link f\u00fchrt Sie zu dem entsprechenden Plugin:\u00a0<a href=\"https:\/\/tools.google.com\/dlpage\/gaoptout?hl=de\" target=\"_blank\" rel=\"noopener\">https:\/\/tools.google.com\/dlpage\/gaoptout?hl=de<\/a><\/p><p><strong>Rechte des Nutzers: Auskunft, Berichtigung und L\u00f6schung<\/strong><\/p><p>Sie als Nutzer erhalten auf Antrag Ihrerseits kostenlose Auskunft dar\u00fcber, welche personenbezogenen Daten \u00fcber Sie gespeichert wurden. Sofern Ihr Wunsch nicht mit einer gesetzlichen Pflicht zur Aufbewahrung von Daten (z. B. Vorratsdatenspeicherung) kollidiert, haben Sie ein Anrecht auf Berichtigung falscher Daten und auf die Sperrung oder L\u00f6schung Ihrer personenbezogenen Daten.<\/p><p><strong>YouTube<\/strong><\/p><p>Unsere Seite verwendet f\u00fcr die Einbindung von Videos den Anbieter\u00a0YouTube LLC ,\u00a0901 Cherry Avenue, San Bruno, CA 94066, USA,\u00a0vertreten durch Google Inc., 1600 Amphitheatre Parkway, Mountain View, CA 94043, USA. Normalerweise wird\u00a0bereits bei Aufruf einer Seite mit\u00a0eingebetteten Videos Ihre\u00a0IP-Adresse an\u00a0YouTube gesendet und Cookies auf Ihrem\u00a0Rechner installiert. Wir haben unsere YouTube-Videos jedoch mit dem erweiterten Datenschutzmodus eingebunden (in diesem Fall nimmt\u00a0YouTube immer noch Kontakt zu dem Dienst Double Klick von Google auf, doch werden\u00a0dabei laut der Datenschutzerkl\u00e4rung von Google personenbezogene Daten nicht ausgewertet). Dadurch\u00a0werden von YouTube keine Informationen \u00fcber die Besucher mehr\u00a0gespeichert, es sei denn, sie sehen sich das Video an. Wenn Sie das\u00a0Video anklicken, wird Ihre\u00a0IP-Adresse an\u00a0YouTube \u00fcbermittelt und\u00a0YouTube erf\u00e4hrt, dass Sie das\u00a0Video angesehen haben. Sind Sie bei\u00a0YouTube eingeloggt, wird diese Information auch Ihrem Benutzerkonto zugeordnet (dies k\u00f6nnen Sie verhindern, indem Sie sich vor dem Aufrufen des Videos bei\u00a0YouTube ausloggen).<\/p><p>Von der dann m\u00f6glichen Erhebung und Verwendung Ihrer Daten durch\u00a0YouTube haben wir keine Kenntnis und darauf auch keinen Einfluss. N\u00e4here Informationen k\u00f6nnen Sie der Datenschutzerkl\u00e4rung von\u00a0YouTube \u00a0unter\u00a0<a href=\"https:\/\/www.google.de\/intl\/de\/policies\/privacy\/\" target=\"_blank\" rel=\"noopener noreferrer\">www.google.de\/intl\/de\/policies\/privacy\/<\/a> entnehmen. Zudem verweisen wir f\u00fcr den generellen Umgang mit Cookies und die Deaktivierung von Cookies auf unsere allgemeine Darstellung in dieser Datenschutzerkl\u00e4rung.<\/p>\t\t\t\t\t\t<\/div>\n\t\t\t\t<\/div>\n\t\t        <\/div>\n        <\/div>\n                        <\/div>\n        <\/section>\n        \t\t\t\t\t<\/div>","protected":false},"excerpt":{"rendered":"<p>Geltungsbereich Diese Datenschutzerkl\u00e4rung soll die Nutzer dieser Website gem\u00e4\u00df europ\u00e4ischer Datenschutzgrundverordnung (DSGVO) \u00fcber die Art, den Umfang und den Zweck der Erhebung und Verwendung personenbezogener Daten durch den Websitebetreiber HAB\u00d6CK &amp; WEINZIERL GesmbH informieren. Der Websitebetreiber nimmt Ihren Datenschutz sehr ernst und behandelt Ihre personenbezogenen Daten vertraulich und entsprechend der gesetzlichen Vorschriften. Bedenken Sie, dass [&hellip;]<\/p>","protected":false},"author":1,"featured_media":0,"parent":0,"menu_order":0,"comment_status":"closed","ping_status":"closed","template":"","meta":{"footnotes":""},"class_list":["post-5246","page","type-page","status-publish","hentry"],"_links":{"self":[{"href":"https:\/\/www.hw-mauertrockenlegung.com\/pl\/wp-json\/wp\/v2\/pages\/5246","targetHints":{"allow":["GET"]}}],"collection":[{"href":"https:\/\/www.hw-mauertrockenlegung.com\/pl\/wp-json\/wp\/v2\/pages"}],"about":[{"href":"https:\/\/www.hw-mauertrockenlegung.com\/pl\/wp-json\/wp\/v2\/types\/page"}],"author":[{"embeddable":true,"href":"https:\/\/www.hw-mauertrockenlegung.com\/pl\/wp-json\/wp\/v2\/users\/1"}],"replies":[{"embeddable":true,"href":"https:\/\/www.hw-mauertrockenlegung.com\/pl\/wp-json\/wp\/v2\/comments?post=5246"}],"version-history":[{"count":0,"href":"https:\/\/www.hw-mauertrockenlegung.com\/pl\/wp-json\/wp\/v2\/pages\/5246\/revisions"}],"wp:attachment":[{"href":"https:\/\/www.hw-mauertrockenlegung.com\/pl\/wp-json\/wp\/v2\/media?parent=5246"}],"curies":[{"name":"wp","href":"https:\/\/api.w.org\/{rel}","templated":true}]}}