{"id":6580,"date":"2023-05-22T21:16:37","date_gmt":"2023-05-22T19:16:37","guid":{"rendered":"https:\/\/mauertrockenlegung.at\/?page_id=6580"},"modified":"2025-03-03T15:24:45","modified_gmt":"2025-03-03T14:24:45","slug":"blog","status":"publish","type":"page","link":"https:\/\/www.hw-mauertrockenlegung.com\/hu\/blog\/","title":{"rendered":"Blog"},"content":{"rendered":"<div data-elementor-type=\"wp-page\" data-elementor-id=\"6580\" class=\"elementor elementor-6580\">\n\t\t\t\t\t\t\t        <section class=\"elementor-section elementor-top-section elementor-element elementor-element-909b90a elementor-section-boxed elementor-section-height-default elementor-section-height-default\" data-id=\"909b90a\" data-element_type=\"section\">\n        \n                <div class=\"elementor-container elementor-column-gap-default\">\n                <div class=\"elementor-column elementor-col-100 elementor-top-column elementor-element elementor-element-8e338f9\" data-id=\"8e338f9\" data-element_type=\"column\">\n        <div class=\"elementor-widget-wrap elementor-element-populated\">\n                        \t\t<div class=\"elementor-element elementor-element-480c6a0 elementor-widget elementor-widget-cms_post_grid\" data-id=\"480c6a0\" data-element_type=\"widget\" data-widget_type=\"cms_post_grid.default\">\n\t\t\t\t<div class=\"elementor-widget-container\">\n\t\t\t\n<div id=\"cms_post_grid-480c6a0\" class=\"cms-grid cms-post-grid cms-post-grid-layout1\" data-layout=\"masonry\" data-start-page=\"1\" data-max-pages=\"1\" data-total=\"3\" data-perpage=\"5\" data-next-link=\"\">\n    <div class=\"cms-grid-overlay\"><\/div>\n    \n    <div class=\"cms-grid-inner cms-grid-masonry row animation-time\" data-gutter=\"9\">\n                    <div class=\"grid-sizer col-xl-3 col-lg-3 col-md-4 col-sm-6 col-12\"><\/div>\n                                <div class=\"grid-item col-xl-3 col-lg-3 col-md-4 col-sm-6 col-12\">\n                    <div class=\"grid-item-inner\">\n                                                    <div class=\"entry-featured\">\n                                <div class=\"post-image\">\n                                    <a href=\"https:\/\/www.hw-mauertrockenlegung.com\/hu\/az-idealis-belteri-klima-az-on-egeszsege-erdekeben\/\">\n                                        <img decoding=\"async\" width=\"1920\" height=\"1080\" src=\"https:\/\/www.hw-mauertrockenlegung.com\/wp-content\/uploads\/2023\/05\/pexels-puscas-adryan-12999676_ergebnis.webp\" class=\"attachment-full\" alt=\"\" \/>                                    <\/a>\n                                <\/div>\n                            <\/div>                   \n                                                <div class=\"entry-body\">\n                            <div class=\"entry-content widget-content\">\n                                <div class=\"info-post\">\n                                                                    <\/div>\n                                                                    <h3 class=\"entry-title\"><a href=\"https:\/\/www.hw-mauertrockenlegung.com\/hu\/az-idealis-belteri-klima-az-on-egeszsege-erdekeben\/\">Az ide\u00e1lis belt\u00e9ri kl\u00edma az \u00d6n eg\u00e9szs\u00e9ge \u00e9rdek\u00e9ben<\/a><\/h3>\n                                                                                                    <div class=\"entry--content\">\n                                        A t\u00fal nedves vagy t\u00fal sz\u00e1raz belt\u00e9ri kl\u00edm\u00e1j\u00fa helyis\u00e9gekben val\u00f3 \u00e9let k\u00e9nyelmetlen\u00fcl \u00e9rzi mag\u00e1t az ember, \u00e9s hossz\u00fa t\u00e1von k\u00e1ros\u00edtja a...                                    <\/div>\n                                                                                                    <div class=\"entry-readmore\">\n                                        <a class=\"btn-more\" href=\"https:\/\/www.hw-mauertrockenlegung.com\/hu\/az-idealis-belteri-klima-az-on-egeszsege-erdekeben\/\">B\u0151vebben                                            <i class=\"fas fa-angle-right\"><\/i>\n                                        <\/a>\n                                    <\/div>\n                                                            <\/div>\n                        <\/div>\n                    <\/div>\n                <\/div>\n                            <div class=\"grid-item col-xl-3 col-lg-3 col-md-4 col-sm-6 col-12\">\n                    <div class=\"grid-item-inner\">\n                                                    <div class=\"entry-featured\">\n                                <div class=\"post-image\">\n                                    <a href=\"https:\/\/www.hw-mauertrockenlegung.com\/hu\/nedvesseg-elleni-vedelem\/\">\n                                        <img decoding=\"async\" width=\"1440\" height=\"1080\" src=\"https:\/\/www.hw-mauertrockenlegung.com\/wp-content\/uploads\/2024\/09\/feuchteschutz-hw-mauertrockenlegung3.webp\" class=\"attachment-full\" alt=\"\" \/>                                    <\/a>\n                                <\/div>\n                            <\/div>                   \n                                                <div class=\"entry-body\">\n                            <div class=\"entry-content widget-content\">\n                                <div class=\"info-post\">\n                                                                    <\/div>\n                                                                    <h3 class=\"entry-title\"><a href=\"https:\/\/www.hw-mauertrockenlegung.com\/hu\/nedvesseg-elleni-vedelem\/\">Nedvess\u00e9g elleni v\u00e9delem<\/a><\/h3>\n                                                                                                    <div class=\"entry--content\">\n                                        Mi k\u00f6ze a nedvess\u00e9gv\u00e9delemnek a h\u0151szigetel\u00e9shez A nedvess\u00e9gnek sok k\u00f6ze van a h\u0151h\u00f6z. A j\u00f3 nedvess\u00e9gv\u00e9delem az alapja...                                    <\/div>\n                                                                                                    <div class=\"entry-readmore\">\n                                        <a class=\"btn-more\" href=\"https:\/\/www.hw-mauertrockenlegung.com\/hu\/nedvesseg-elleni-vedelem\/\">B\u0151vebben                                            <i class=\"fas fa-angle-right\"><\/i>\n                                        <\/a>\n                                    <\/div>\n                                                            <\/div>\n                        <\/div>\n                    <\/div>\n                <\/div>\n                            <div class=\"grid-item col-xl-3 col-lg-3 col-md-4 col-sm-6 col-12\">\n                    <div class=\"grid-item-inner\">\n                                                    <div class=\"entry-featured\">\n                                <div class=\"post-image\">\n                                    <a href=\"https:\/\/www.hw-mauertrockenlegung.com\/hu\/nedves-fal-felujitas\/\">\n                                        <img decoding=\"async\" width=\"1896\" height=\"1482\" src=\"https:\/\/www.hw-mauertrockenlegung.com\/wp-content\/uploads\/2025\/02\/feuchte-wand-sanieren_hw-mauertrockenlegung1.webp\" class=\"attachment-full\" alt=\"Nedves t\u00e9glafal\" \/>                                    <\/a>\n                                <\/div>\n                            <\/div>                   \n                                                <div class=\"entry-body\">\n                            <div class=\"entry-content widget-content\">\n                                <div class=\"info-post\">\n                                                                    <\/div>\n                                                                    <h3 class=\"entry-title\"><a href=\"https:\/\/www.hw-mauertrockenlegung.com\/hu\/nedves-fal-felujitas\/\">Nedves fal fel\u00faj\u00edt\u00e1sa<\/a><\/h3>\n                                                                                                    <div class=\"entry--content\">\n                                        Nedves falak A nedves falak fel\u00faj\u00edt\u00e1sa a megb\u00edzhat\u00f3 HW v\u00edzszintes g\u00e1t seg\u00edts\u00e9g\u00e9vel A nedves falak olyan probl\u00e9m\u00e1t jelentenek, amelyek k\u00e1ros\u00edthatj\u00e1k az \u00e9p\u00fclet szerkezet\u00e9t \u00e9s...                                    <\/div>\n                                                                                                    <div class=\"entry-readmore\">\n                                        <a class=\"btn-more\" href=\"https:\/\/www.hw-mauertrockenlegung.com\/hu\/nedves-fal-felujitas\/\">B\u0151vebben                                            <i class=\"fas fa-angle-right\"><\/i>\n                                        <\/a>\n                                    <\/div>\n                                                            <\/div>\n                        <\/div>\n                    <\/div>\n                <\/div>\n                <\/div>\n        <\/div>\t\t<\/div>\n\t\t\t\t<\/div>\n\t\t        <\/div>\n        <\/div>\n                        <\/div>\n        <\/section>\n        \t\t\t\t\t<\/div>","protected":false},"excerpt":{"rendered":"<p>Das ideale Raumklima f\u00fcr Ihre Gesundheit Das ideale Raumklima f\u00fcr Ihre Gesundheit Wohnen in R\u00e4umen mit zu feuchtem oder zu trockenem Raumklima f\u00fchrt beim Menschen zu&hellip; Mehr lesen Gefahr der Schimmelw\u00e4nde Das ideale Raumklima f\u00fcr Ihre Gesundheit Wohnen in R\u00e4umen mit zu feuchtem oder zu trockenem Raumklima f\u00fchrt beim Menschen zu&hellip; Mehr lesen Feuchteschutz Das [&hellip;]<\/p>","protected":false},"author":1,"featured_media":0,"parent":0,"menu_order":0,"comment_status":"closed","ping_status":"closed","template":"","meta":{"footnotes":""},"class_list":["post-6580","page","type-page","status-publish","hentry"],"_links":{"self":[{"href":"https:\/\/www.hw-mauertrockenlegung.com\/hu\/wp-json\/wp\/v2\/pages\/6580","targetHints":{"allow":["GET"]}}],"collection":[{"href":"https:\/\/www.hw-mauertrockenlegung.com\/hu\/wp-json\/wp\/v2\/pages"}],"about":[{"href":"https:\/\/www.hw-mauertrockenlegung.com\/hu\/wp-json\/wp\/v2\/types\/page"}],"author":[{"embeddable":true,"href":"https:\/\/www.hw-mauertrockenlegung.com\/hu\/wp-json\/wp\/v2\/users\/1"}],"replies":[{"embeddable":true,"href":"https:\/\/www.hw-mauertrockenlegung.com\/hu\/wp-json\/wp\/v2\/comments?post=6580"}],"version-history":[{"count":10,"href":"https:\/\/www.hw-mauertrockenlegung.com\/hu\/wp-json\/wp\/v2\/pages\/6580\/revisions"}],"predecessor-version":[{"id":7904,"href":"https:\/\/www.hw-mauertrockenlegung.com\/hu\/wp-json\/wp\/v2\/pages\/6580\/revisions\/7904"}],"wp:attachment":[{"href":"https:\/\/www.hw-mauertrockenlegung.com\/hu\/wp-json\/wp\/v2\/media?parent=6580"}],"curies":[{"name":"wp","href":"https:\/\/api.w.org\/{rel}","templated":true}]}}