{"id":5246,"date":"2022-04-22T10:36:59","date_gmt":"2022-04-22T08:36:59","guid":{"rendered":"https:\/\/mauertrockenlegung.at\/?page_id=5246"},"modified":"2022-05-18T09:27:34","modified_gmt":"2022-05-18T07:27:34","slug":"adatvedelmi-nyilatkozat","status":"publish","type":"page","link":"https:\/\/www.hw-mauertrockenlegung.com\/hu\/adatvedelmi-nyilatkozat\/","title":{"rendered":"Adatv\u00e9delmi szab\u00e1lyzat"},"content":{"rendered":"<div data-elementor-type=\"wp-page\" data-elementor-id=\"5246\" class=\"elementor elementor-5246\">\n\t\t\t\t\t\t\t        <section class=\"elementor-section elementor-top-section elementor-element elementor-element-711718c elementor-section-stretched elementor-section-boxed elementor-section-height-default elementor-section-height-default\" data-id=\"711718c\" data-element_type=\"section\" data-settings=\"{&quot;stretch_section&quot;:&quot;section-stretched&quot;}\">\n                    <div class=\"elementor-background-overlay\"><\/div>\n        \n                <div class=\"elementor-container elementor-column-gap-default\">\n                <div class=\"elementor-column elementor-col-100 elementor-top-column elementor-element elementor-element-a6cde83\" data-id=\"a6cde83\" data-element_type=\"column\">\n        <div class=\"elementor-widget-wrap elementor-element-populated\">\n                        \t\t<div class=\"elementor-element elementor-element-eeb8f01 elementor-widget elementor-widget-text-editor\" data-id=\"eeb8f01\" data-element_type=\"widget\" data-widget_type=\"text-editor.default\">\n\t\t\t\t<div class=\"elementor-widget-container\">\n\t\t\t<style>\/*! elementor - v3.6.5 - 27-04-2022 *\/\n.elementor-widget-text-editor.elementor-drop-cap-view-stacked .elementor-drop-cap{background-color:#818a91;color:#fff}.elementor-widget-text-editor.elementor-drop-cap-view-framed .elementor-drop-cap{color:#818a91;border:3px solid;background-color:transparent}.elementor-widget-text-editor:not(.elementor-drop-cap-view-default) .elementor-drop-cap{margin-top:8px}.elementor-widget-text-editor:not(.elementor-drop-cap-view-default) .elementor-drop-cap-letter{width:1em;height:1em}.elementor-widget-text-editor .elementor-drop-cap{float:left;text-align:center;line-height:1;font-size:50px}.elementor-widget-text-editor .elementor-drop-cap-letter{display:inline-block}<\/style>\t\t\t\t<p><strong>Alkalmaz\u00e1si ter\u00fclet<\/strong><\/p><p>A jelen adatv\u00e9delmi szab\u00e1lyzat c\u00e9lja, hogy a honlap felhaszn\u00e1l\u00f3it az eur\u00f3pai \u00e1ltal\u00e1nos adatv\u00e9delmi rendeletnek (GDPR) megfelel\u0151en t\u00e1j\u00e9koztassa a szem\u00e9lyes adatoknak a honlap \u00fczemeltet\u0151je, a HAB\u00d6CK &amp; WEINZIERL GesmbH \u00e1ltal t\u00f6rt\u00e9n\u0151 gy\u0171jt\u00e9s\u00e9nek \u00e9s felhaszn\u00e1l\u00e1s\u00e1nak t\u00edpus\u00e1r\u00f3l, terjedelm\u00e9r\u0151l \u00e9s c\u00e9lj\u00e1r\u00f3l.<br \/>A weboldal \u00fczemeltet\u0151je nagyon komolyan veszi az \u00d6n adatv\u00e9delm\u00e9t, \u00e9s az \u00d6n szem\u00e9lyes adatait bizalmasan \u00e9s a jogszab\u00e1lyi el\u0151\u00edr\u00e1soknak megfelel\u0151en kezeli.<br \/>K\u00e9rj\u00fck, ne feledje, hogy az interneten kereszt\u00fcli adat\u00e1tvitel mindig biztons\u00e1gi r\u00e9seket tartalmazhat. A harmadik felek hozz\u00e1f\u00e9r\u00e9se elleni teljes v\u00e9delem nem val\u00f3s\u00edthat\u00f3 meg.<\/p><p><strong>Hozz\u00e1f\u00e9r\u00e9si adatok<\/strong><\/p><p>A weboldal \u00fczemeltet\u0151je vagy a weboldal szolg\u00e1ltat\u00f3ja adatokat gy\u0171jt a weboldalhoz val\u00f3 hozz\u00e1f\u00e9r\u00e9sr\u0151l, \u00e9s azokat \"szervernapl\u00f3f\u00e1jlok\" form\u00e1j\u00e1ban t\u00e1rolja. A k\u00f6vetkez\u0151 adatok ker\u00fclnek \u00edgy napl\u00f3z\u00e1sra:<br \/>- Megl\u00e1togatott weboldal<br \/>- Id\u0151 a hozz\u00e1f\u00e9r\u00e9s id\u0151pontj\u00e1ban<br \/>- Az elk\u00fcld\u00f6tt adatok mennyis\u00e9ge b\u00e1jtokban<br \/>- Forr\u00e1s\/hivatkoz\u00e1s, ahonnan az oldalra jutott\u00e1l<br \/>- Haszn\u00e1lt b\u00f6ng\u00e9sz\u0151<br \/>- Haszn\u00e1lt oper\u00e1ci\u00f3s rendszer<br \/>- Haszn\u00e1lt IP-c\u00edm<br \/>Az \u00f6sszegy\u0171jt\u00f6tt adatokat kiz\u00e1r\u00f3lag statisztikai elemz\u00e9sekre \u00e9s a weboldal fejleszt\u00e9s\u00e9re haszn\u00e1ljuk fel. A weboldal \u00fczemeltet\u0151je azonban fenntartja mag\u00e1nak a jogot, hogy ut\u00f3lagosan ellen\u0151rizze a szerver napl\u00f3f\u00e1jljait, ha konkr\u00e9t jelek utalnak jogellenes haszn\u00e1latra.<\/p><p><strong>S\u00fctik<\/strong><\/p><p>Ez a weboldal s\u00fctiket haszn\u00e1l. Ezek olyan kis sz\u00f6veges f\u00e1jlok, amelyek az \u00d6n v\u00e9gberendez\u00e9s\u00e9n t\u00e1rol\u00f3dnak. Nem okoznak semmilyen k\u00e1rt. A b\u00f6ng\u00e9sz\u0151je hozz\u00e1f\u00e9r ezekhez a f\u00e1jlokhoz. A s\u00fctik haszn\u00e1lata n\u00f6veli a weboldal felhaszn\u00e1l\u00f3bar\u00e1ts\u00e1g\u00e1t \u00e9s biztons\u00e1g\u00e1t.<br \/>Az \u00e1ltal\u00e1nos b\u00f6ng\u00e9sz\u0151kben lehet\u0151s\u00e9g van arra, hogy ne enged\u00e9lyezz\u00e9k a s\u00fctiket. Megjegyz\u00e9s: Nem garant\u00e1lhat\u00f3, hogy a megfelel\u0151 be\u00e1ll\u00edt\u00e1sok elv\u00e9gz\u00e9se eset\u00e9n \u00d6n korl\u00e1toz\u00e1s n\u00e9lk\u00fcl hozz\u00e1f\u00e9rhet a weboldal minden funkci\u00f3j\u00e1hoz.<\/p><p><strong>A szem\u00e9lyes adatok kezel\u00e9se<\/strong><\/p><p>A weboldal \u00fczemeltet\u0151je csak akkor gy\u0171jti, haszn\u00e1lja \u00e9s adja tov\u00e1bb az \u00d6n szem\u00e9lyes adatait, ha ezt a t\u00f6rv\u00e9ny megengedi, vagy ha \u00d6n hozz\u00e1j\u00e1rul az adatgy\u0171jt\u00e9shez.<br \/>Szem\u00e9lyes adatnak min\u0151s\u00fcl minden olyan inform\u00e1ci\u00f3, amely felhaszn\u00e1lhat\u00f3 az \u00d6n szem\u00e9lyes azonos\u00edt\u00e1s\u00e1ra, \u00e9s amely visszak\u00f6vethet\u0151 \u00d6nh\u00f6z - p\u00e9ld\u00e1ul az \u00d6n neve, e-mail c\u00edme \u00e9s telefonsz\u00e1ma.<\/p><p><strong>Kapcsolattart\u00e1si adatok kezel\u00e9se<\/strong><\/p><p>Ha \u00d6n a megadott kapcsolattart\u00e1si lehet\u0151s\u00e9gek seg\u00edts\u00e9g\u00e9vel l\u00e9p kapcsolatba a weboldal \u00fczemeltet\u0151j\u00e9vel, adatait hat h\u00f3napig t\u00e1roljuk, hogy azokat a megkeres\u00e9s feldolgoz\u00e1s\u00e1hoz \u00e9s megv\u00e1laszol\u00e1s\u00e1hoz, valamint ut\u00f3lagos k\u00e9rd\u00e9sek eset\u00e9n felhaszn\u00e1lhassuk. Ezeket az adatokat az \u00d6n hozz\u00e1j\u00e1rul\u00e1sa n\u00e9lk\u00fcl nem adjuk tov\u00e1bb harmadik f\u00e9lnek.<\/p><p><strong>Google Analytics<\/strong><\/p><p>Ez a weboldal a Google Inc. (1600 Amphitheatre Parkway Mountain View, CA 94043, USA) \u00e1ltal k\u00edn\u00e1lt \"Google Analytics\" szolg\u00e1ltat\u00e1st haszn\u00e1lja a weboldal felhaszn\u00e1l\u00f3k \u00e1ltali haszn\u00e1lat\u00e1nak elemz\u00e9s\u00e9re. A szolg\u00e1ltat\u00e1s \"cookie-kat\" haszn\u00e1l - sz\u00f6veges f\u00e1jlokat, amelyeket az \u00d6n v\u00e9gberendez\u00e9s\u00e9n t\u00e1rolnak. A cookie-k \u00e1ltal gy\u0171jt\u00f6tt inform\u00e1ci\u00f3kat \u00e1ltal\u00e1ban a Google egyik USA-beli szerver\u00e9re k\u00fcldik \u00e9s ott t\u00e1rolj\u00e1k.<\/p><p>Ezen a weboldalon IP-anonimiz\u00e1l\u00e1st alkalmazunk. A felhaszn\u00e1l\u00f3k IP-c\u00edm\u00e9t az EU tag\u00e1llamain \u00e9s az Eur\u00f3pai Gazdas\u00e1gi T\u00e9rs\u00e9gen bel\u00fcl csonk\u00edtj\u00e1k. Ez a csonk\u00edt\u00e1s kik\u00fcsz\u00f6b\u00f6li az \u00d6n IP-c\u00edm\u00e9nek szem\u00e9lyes vonatkoz\u00e1sait. A weboldal \u00fczemeltet\u0151i \u00e9s a Google Inc. k\u00f6z\u00f6tt l\u00e9trej\u00f6tt szerz\u0151d\u00e9ses adatmeg\u00e1llapod\u00e1s r\u00e9szek\u00e9nt a Google Inc. az \u00f6sszegy\u0171jt\u00f6tt inform\u00e1ci\u00f3kat a weboldal haszn\u00e1lat\u00e1nak \u00e9s a weboldal tev\u00e9kenys\u00e9g\u00e9nek elemz\u00e9s\u00e9re haszn\u00e1lja, \u00e9s az internethaszn\u00e1lattal kapcsolatos szolg\u00e1ltat\u00e1sokat ny\u00fajt.<br \/>Lehet\u0151s\u00e9ge van megakad\u00e1lyozni a s\u00fctik t\u00e1rol\u00e1s\u00e1t az eszk\u00f6z\u00e9n a b\u00f6ng\u00e9sz\u0151j\u00e9ben a megfelel\u0151 be\u00e1ll\u00edt\u00e1sok elv\u00e9gz\u00e9s\u00e9vel. Nem garant\u00e1lhat\u00f3, hogy \u00d6n korl\u00e1toz\u00e1s n\u00e9lk\u00fcl hozz\u00e1f\u00e9rhet a weboldal minden funkci\u00f3j\u00e1hoz, ha b\u00f6ng\u00e9sz\u0151je nem enged\u00e9lyezi a s\u00fctik t\u00e1rol\u00e1s\u00e1t.<\/p><p>Egy b\u00f6ng\u00e9sz\u0151b\u0151v\u00edtm\u00e9nyt is haszn\u00e1lhat, amellyel megakad\u00e1lyozhatja, hogy a cookie-k \u00e1ltal gy\u0171jt\u00f6tt inform\u00e1ci\u00f3kat (bele\u00e9rtve az \u00d6n IP-c\u00edm\u00e9t) a Google Inc. r\u00e9sz\u00e9re tov\u00e1bb\u00edts\u00e1k, \u00e9s a Google Inc. Az al\u00e1bbi linken juthat el a megfelel\u0151 b\u0151v\u00edtm\u00e9nyhez:\u00a0<a href=\"https:\/\/tools.google.com\/dlpage\/gaoptout?hl=de\" target=\"_blank\" rel=\"noopener\">https:\/\/tools.google.com\/dlpage\/gaoptout?hl=de<\/a><\/p><p><strong>A felhaszn\u00e1l\u00f3 jogai: t\u00e1j\u00e9koztat\u00e1s, helyesb\u00edt\u00e9s \u00e9s t\u00f6rl\u00e9s<\/strong><\/p><p>Felhaszn\u00e1l\u00f3k\u00e9nt ingyenesen t\u00e1j\u00e9koztat\u00e1st k\u00e9rhet arr\u00f3l, hogy milyen szem\u00e9lyes adatokat t\u00e1roltak \u00d6nr\u0151l. Ha k\u00e9r\u00e9se nem \u00fctk\u00f6zik az adatok meg\u0151rz\u00e9s\u00e9re vonatkoz\u00f3 jogi k\u00f6telezetts\u00e9ggel (pl. adatmeg\u0151rz\u00e9s), joga van a helytelen adatok helyesb\u00edt\u00e9s\u00e9hez, valamint szem\u00e9lyes adatainak z\u00e1rol\u00e1s\u00e1hoz vagy t\u00f6rl\u00e9s\u00e9hez.<\/p><p><strong>YouTube<\/strong><\/p><p>Weboldalunk a YouTube LLC, 901 Cherry Avenue, San Bruno, CA 94066, USA, a Google Inc, 1600 Amphitheatre Parkway, Mountain View, CA 94043, USA \u00e1ltal k\u00e9pviselt szolg\u00e1ltat\u00f3t haszn\u00e1lja a vide\u00f3k be\u00e1gyaz\u00e1s\u00e1hoz. \u00c1ltal\u00e1ban, amikor \u00d6n egy be\u00e1gyazott vide\u00f3kat tartalmaz\u00f3 oldalra l\u00e9p, az \u00d6n IP-c\u00edme elk\u00fcld\u00e9sre ker\u00fcl a YouTube-nak, \u00e9s a sz\u00e1m\u00edt\u00f3g\u00e9p\u00e9n cookie-k telep\u00edt\u00e9sre ker\u00fclnek. Mi azonban a YouTube vide\u00f3inkat a kiterjesztett adatv\u00e9delmi m\u00f3ddal \u00e1gyaztuk be (ebben az esetben a YouTube tov\u00e1bbra is kapcsolatba l\u00e9p a Google Double Click szolg\u00e1ltat\u00e1s\u00e1val, de a Google adatv\u00e9delmi ir\u00e1nyelvei szerint a szem\u00e9lyes adatok nem ker\u00fclnek elemz\u00e9sre). Ez azt jelenti, hogy a YouTube m\u00e1r nem t\u00e1rol semmilyen inform\u00e1ci\u00f3t a l\u00e1togat\u00f3kr\u00f3l, kiv\u00e9ve, ha megn\u00e9zik a vide\u00f3t. Ha r\u00e1kattint a vide\u00f3ra, az IP-c\u00edme tov\u00e1bb\u00edt\u00e1sra ker\u00fcl a YouTube-nak, \u00e9s a YouTube megtudja, hogy megn\u00e9zte a vide\u00f3t. Ha \u00d6n be van jelentkezve a YouTube-ra, ez az inform\u00e1ci\u00f3 az \u00d6n felhaszn\u00e1l\u00f3i fi\u00f3kj\u00e1hoz is hozz\u00e1rendel\u0151dik (ezt megakad\u00e1lyozhatja azzal, hogy a vide\u00f3 megtekint\u00e9se el\u0151tt kijelentkezik a YouTube-r\u00f3l).<\/p><p>Nincs tudom\u00e1sunk \u00e9s nincs befoly\u00e1sunk arra, hogy a YouTube hogyan gy\u0171jti \u00e9s haszn\u00e1lja fel az \u00d6n adatait. Tov\u00e1bbi inform\u00e1ci\u00f3kat a YouTube adatv\u00e9delmi szab\u00e1lyzat\u00e1ban tal\u00e1lhat a k\u00f6vetkez\u0151 c\u00edmen\u00a0<a href=\"https:\/\/www.google.de\/intl\/de\/policies\/privacy\/\" target=\"_blank\" rel=\"noopener noreferrer\">www.google.de\/intl\/de\/policies\/privacy\/<\/a> itt tal\u00e1lhat\u00f3. Ezen t\u00falmen\u0151en a s\u00fctik \u00e1ltal\u00e1nos kezel\u00e9s\u00e9vel \u00e9s a s\u00fctik kikapcsol\u00e1s\u00e1val kapcsolatban a jelen adatv\u00e9delmi szab\u00e1lyzatban tal\u00e1lhat\u00f3 \u00e1ltal\u00e1nos le\u00edr\u00e1sunkra hivatkozunk.<\/p>\t\t\t\t\t\t<\/div>\n\t\t\t\t<\/div>\n\t\t        <\/div>\n        <\/div>\n                        <\/div>\n        <\/section>\n        \t\t\t\t\t<\/div>","protected":false},"excerpt":{"rendered":"<p>Geltungsbereich Diese Datenschutzerkl\u00e4rung soll die Nutzer dieser Website gem\u00e4\u00df europ\u00e4ischer Datenschutzgrundverordnung (DSGVO) \u00fcber die Art, den Umfang und den Zweck der Erhebung und Verwendung personenbezogener Daten durch den Websitebetreiber HAB\u00d6CK &amp; WEINZIERL GesmbH informieren. Der Websitebetreiber nimmt Ihren Datenschutz sehr ernst und behandelt Ihre personenbezogenen Daten vertraulich und entsprechend der gesetzlichen Vorschriften. Bedenken Sie, dass [&hellip;]<\/p>","protected":false},"author":1,"featured_media":0,"parent":0,"menu_order":0,"comment_status":"closed","ping_status":"closed","template":"","meta":{"footnotes":""},"class_list":["post-5246","page","type-page","status-publish","hentry"],"_links":{"self":[{"href":"https:\/\/www.hw-mauertrockenlegung.com\/hu\/wp-json\/wp\/v2\/pages\/5246","targetHints":{"allow":["GET"]}}],"collection":[{"href":"https:\/\/www.hw-mauertrockenlegung.com\/hu\/wp-json\/wp\/v2\/pages"}],"about":[{"href":"https:\/\/www.hw-mauertrockenlegung.com\/hu\/wp-json\/wp\/v2\/types\/page"}],"author":[{"embeddable":true,"href":"https:\/\/www.hw-mauertrockenlegung.com\/hu\/wp-json\/wp\/v2\/users\/1"}],"replies":[{"embeddable":true,"href":"https:\/\/www.hw-mauertrockenlegung.com\/hu\/wp-json\/wp\/v2\/comments?post=5246"}],"version-history":[{"count":0,"href":"https:\/\/www.hw-mauertrockenlegung.com\/hu\/wp-json\/wp\/v2\/pages\/5246\/revisions"}],"wp:attachment":[{"href":"https:\/\/www.hw-mauertrockenlegung.com\/hu\/wp-json\/wp\/v2\/media?parent=5246"}],"curies":[{"name":"wp","href":"https:\/\/api.w.org\/{rel}","templated":true}]}}